{"id":60,"date":"2008-11-23T00:11:28","date_gmt":"2008-11-22T22:11:28","guid":{"rendered":"http:\/\/www.vihreatehdokkaat.fi\/virpi.kauko\/?page_id=60"},"modified":"2021-06-14T10:55:48","modified_gmt":"2021-06-14T08:55:48","slug":"kuka-virpi","status":"publish","type":"page","link":"https:\/\/v.kauko.org\/?page_id=60","title":{"rendered":"Min\u00e4"},"content":{"rendered":"<h3>Virpi Kauko<\/h3>\n<p>Jyv\u00e4skyl\u00e4l\u00e4inen matemaatikko, vapaa (tiede)kirjoittaja ja vihert\u00e4v\u00e4 luonto- ja tiedeharrastaja.<\/p>\n<p>s\u00e4hk\u00f6posti: virpi (at) kauko (piste) org<br \/>\npuhelin: 040 5794449<\/p>\n<p><a href=\"https:\/\/v.kauko.org\/wp-content\/uploads\/900-IMG_5651.jpg\" data-wp-editing=\"1\"><img loading=\"lazy\" decoding=\"async\" class=\"alignnone wp-image-3559 size-full\" src=\"https:\/\/v.kauko.org\/wp-content\/uploads\/900-IMG_5651-e1623660931962.jpg\" alt=\"\" width=\"500\" height=\"334\" \/><\/a><\/p>\n<p>Jyv\u00e4sj\u00e4rvell\u00e4 2018. <span style=\"color: #999999;\"><em>Kuva: Petri V\u00e4h\u00e4kangas<\/em><\/span><\/p>\n<p><img decoding=\"async\" class=\"aligncenter size-full wp-image-1411\" title=\"tc3p79rq-vs_600\" src=\"https:\/\/v.kauko.org\/wp-content\/uploads\/2008\/11\/tc3p79rq-vs_600.jpg\" alt=\"\" \/> Tuomioj\u00e4rven j\u00e4\u00e4ll\u00e4 Jyv\u00e4skyl\u00e4ss\u00e4 2012.<\/p>\n<p><img decoding=\"async\" class=\"alignnone size-full wp-image-922\" title=\"800-tb62aite\" src=\"https:\/\/v.kauko.org\/wp-content\/uploads\/2008\/11\/800-tb62aite.jpg\" alt=\"\" \/><br \/>\nNeli- ja viisilehtinen apila Jyv\u00e4skyl\u00e4ss\u00e4 2011.<\/p>\n<p><img decoding=\"async\" class=\"alignnone size-full wp-image-830\" title=\"800-ta8l8ofu\" src=\"https:\/\/v.kauko.org\/wp-content\/uploads\/2008\/11\/800-ta8l8ofu.jpg\" alt=\"\" width=\"800\" srcset=\"https:\/\/v.kauko.org\/wp-content\/uploads\/2008\/11\/800-ta8l8ofu.jpg 800w, https:\/\/v.kauko.org\/wp-content\/uploads\/2008\/11\/800-ta8l8ofu-150x112.jpg 150w, https:\/\/v.kauko.org\/wp-content\/uploads\/2008\/11\/800-ta8l8ofu-300x225.jpg 300w\" sizes=\"(max-width: 800px) 100vw, 800px\" \/><br \/>\nHerkkutatti l\u00e4himets\u00e4ss\u00e4 Jyv\u00e4skyl\u00e4ss\u00e4 2010.<\/p>\n<p><img decoding=\"async\" class=\"alignnone size-full wp-image-829\" title=\"800-ta7r848m-sr\" src=\"https:\/\/v.kauko.org\/wp-content\/uploads\/2008\/11\/800-ta7r848m-sr.jpg\" alt=\"\" width=\"800\" srcset=\"https:\/\/v.kauko.org\/wp-content\/uploads\/2008\/11\/800-ta7r848m-sr.jpg 800w, https:\/\/v.kauko.org\/wp-content\/uploads\/2008\/11\/800-ta7r848m-sr-150x117.jpg 150w, https:\/\/v.kauko.org\/wp-content\/uploads\/2008\/11\/800-ta7r848m-sr-300x234.jpg 300w\" sizes=\"(max-width: 800px) 100vw, 800px\" \/><br \/>\nKymijoella Myllykoskella 2010.<\/p>\n<p><img decoding=\"async\" class=\"alignnone size-full wp-image-827\" title=\"800-t86f7q3w\" src=\"https:\/\/v.kauko.org\/wp-content\/uploads\/2008\/11\/800-t86f7q3w.jpg\" alt=\"\" width=\"800\" srcset=\"https:\/\/v.kauko.org\/wp-content\/uploads\/2008\/11\/800-t86f7q3w.jpg 800w, https:\/\/v.kauko.org\/wp-content\/uploads\/2008\/11\/800-t86f7q3w-150x99.jpg 150w, https:\/\/v.kauko.org\/wp-content\/uploads\/2008\/11\/800-t86f7q3w-300x199.jpg 300w\" sizes=\"(max-width: 800px) 100vw, 800px\" \/><br \/>\nPaistunturin er\u00e4maassa Utsjoella 2008.<\/p>\n<p><img decoding=\"async\" class=\"alignnone size-full wp-image-834\" title=\"800-t77ramak\" src=\"https:\/\/v.kauko.org\/wp-content\/uploads\/2008\/11\/800-t77ramak1.jpg\" alt=\"\" width=\"800\" srcset=\"https:\/\/v.kauko.org\/wp-content\/uploads\/2008\/11\/800-t77ramak1.jpg 800w, https:\/\/v.kauko.org\/wp-content\/uploads\/2008\/11\/800-t77ramak1-150x99.jpg 150w, https:\/\/v.kauko.org\/wp-content\/uploads\/2008\/11\/800-t77ramak1-300x199.jpg 300w\" sizes=\"(max-width: 800px) 100vw, 800px\" \/><br \/>\nLuum\u00e4en Kivij\u00e4rvell\u00e4 2007.<\/p>\n<p><em>Kuvat: Tapani Tarvainen<br \/>\n<\/em><\/p>\n<p><strong>Kauemmas historiaan:<br \/>\n<\/strong><\/p>\n<p><img decoding=\"async\" class=\"alignnone size-full wp-image-812\" title=\"800-83utti1\" src=\"https:\/\/v.kauko.org\/wp-content\/uploads\/2008\/11\/800-83utti1.jpg\" alt=\"\" width=\"800\" srcset=\"https:\/\/v.kauko.org\/wp-content\/uploads\/2008\/11\/800-83utti1.jpg 800w, https:\/\/v.kauko.org\/wp-content\/uploads\/2008\/11\/800-83utti1-150x102.jpg 150w, https:\/\/v.kauko.org\/wp-content\/uploads\/2008\/11\/800-83utti1-300x204.jpg 300w\" sizes=\"(max-width: 800px) 100vw, 800px\" \/><br \/>\nUtin taivaalla 13.3.1983. <em><small>Kuva: Paavo Huusari<\/small><\/em><\/p>\n<p><img decoding=\"async\" class=\"alignnone size-full wp-image-817\" title=\"800-82utti-ks3r\" src=\"https:\/\/v.kauko.org\/wp-content\/uploads\/2008\/11\/800-82utti-ks3r.jpg\" alt=\"\" width=\"800\" srcset=\"https:\/\/v.kauko.org\/wp-content\/uploads\/2008\/11\/800-82utti-ks3r.jpg 800w, https:\/\/v.kauko.org\/wp-content\/uploads\/2008\/11\/800-82utti-ks3r-150x100.jpg 150w, https:\/\/v.kauko.org\/wp-content\/uploads\/2008\/11\/800-82utti-ks3r-300x200.jpg 300w\" sizes=\"(max-width: 800px) 100vw, 800px\" \/><\/p>\n<p><img decoding=\"async\" class=\"alignnone size-full wp-image-818\" title=\"800-82utti-ks4r\" src=\"https:\/\/v.kauko.org\/wp-content\/uploads\/2008\/11\/800-82utti-ks4r.jpg\" alt=\"\" width=\"800\" srcset=\"https:\/\/v.kauko.org\/wp-content\/uploads\/2008\/11\/800-82utti-ks4r.jpg 800w, https:\/\/v.kauko.org\/wp-content\/uploads\/2008\/11\/800-82utti-ks4r-150x149.jpg 150w, https:\/\/v.kauko.org\/wp-content\/uploads\/2008\/11\/800-82utti-ks4r-300x299.jpg 300w\" sizes=\"(max-width: 800px) 100vw, 800px\" \/><br \/>\nUtin taivaalla 11.8.1982. <em><small>Kuvat: Matti Loiske, Kouvolan Sanomat<\/small><\/em><\/p>\n<p><img decoding=\"async\" class=\"alignnone size-full wp-image-835\" title=\"800-86sm-utti-3\" src=\"https:\/\/v.kauko.org\/wp-content\/uploads\/2008\/11\/800-86sm-utti-31.jpg\" alt=\"\" width=\"800\" srcset=\"https:\/\/v.kauko.org\/wp-content\/uploads\/2008\/11\/800-86sm-utti-31.jpg 800w, https:\/\/v.kauko.org\/wp-content\/uploads\/2008\/11\/800-86sm-utti-31-150x99.jpg 150w, https:\/\/v.kauko.org\/wp-content\/uploads\/2008\/11\/800-86sm-utti-31-300x199.jpg 300w\" sizes=\"(max-width: 800px) 100vw, 800px\" \/><br \/>\nUtin taivaalla 1986. <em><small>Kuva: Ilkka Sarva<\/small><\/em><\/p>\n<p><img decoding=\"async\" class=\"alignnone size-full wp-image-822\" title=\"800-85zhill\" src=\"https:\/\/v.kauko.org\/wp-content\/uploads\/2008\/11\/800-85zhill.jpg\" alt=\"\" width=\"800\" srcset=\"https:\/\/v.kauko.org\/wp-content\/uploads\/2008\/11\/800-85zhill.jpg 800w, https:\/\/v.kauko.org\/wp-content\/uploads\/2008\/11\/800-85zhill-150x98.jpg 150w, https:\/\/v.kauko.org\/wp-content\/uploads\/2008\/11\/800-85zhill-300x197.jpg 300w\" sizes=\"(max-width: 800px) 100vw, 800px\" \/><br \/>\nZephyrhills Skydive Center, Florida, USA 1985. <em><small>Kuva: Larry<\/small><\/em><\/p>\n","protected":false},"excerpt":{"rendered":"<p>Virpi Kauko Jyv\u00e4skyl\u00e4l\u00e4inen matemaatikko, vapaa (tiede)kirjoittaja ja vihert\u00e4v\u00e4 luonto- ja tiedeharrastaja. s\u00e4hk\u00f6posti: virpi (at) kauko (piste) org puhelin: 040 5794449 Jyv\u00e4sj\u00e4rvell\u00e4 2018. Kuva: Petri V\u00e4h\u00e4kangas Tuomioj\u00e4rven j\u00e4\u00e4ll\u00e4 Jyv\u00e4skyl\u00e4ss\u00e4 2012. Neli- ja viisilehtinen apila Jyv\u00e4skyl\u00e4ss\u00e4 2011. Herkkutatti l\u00e4himets\u00e4ss\u00e4 Jyv\u00e4skyl\u00e4ss\u00e4 2010. Kymijoella Myllykoskella 2010. Paistunturin er\u00e4maassa Utsjoella 2008. Luum\u00e4en Kivij\u00e4rvell\u00e4 2007. Kuvat: Tapani Tarvainen Kauemmas historiaan: Utin [&hellip;]<\/p>\n","protected":false},"author":1,"featured_media":0,"parent":0,"menu_order":2,"comment_status":"closed","ping_status":"closed","template":"","meta":{"footnotes":""},"class_list":["post-60","page","type-page","status-publish","hentry"],"_links":{"self":[{"href":"https:\/\/v.kauko.org\/index.php?rest_route=\/wp\/v2\/pages\/60","targetHints":{"allow":["GET"]}}],"collection":[{"href":"https:\/\/v.kauko.org\/index.php?rest_route=\/wp\/v2\/pages"}],"about":[{"href":"https:\/\/v.kauko.org\/index.php?rest_route=\/wp\/v2\/types\/page"}],"author":[{"embeddable":true,"href":"https:\/\/v.kauko.org\/index.php?rest_route=\/wp\/v2\/users\/1"}],"replies":[{"embeddable":true,"href":"https:\/\/v.kauko.org\/index.php?rest_route=%2Fwp%2Fv2%2Fcomments&post=60"}],"version-history":[{"count":43,"href":"https:\/\/v.kauko.org\/index.php?rest_route=\/wp\/v2\/pages\/60\/revisions"}],"predecessor-version":[{"id":3563,"href":"https:\/\/v.kauko.org\/index.php?rest_route=\/wp\/v2\/pages\/60\/revisions\/3563"}],"wp:attachment":[{"href":"https:\/\/v.kauko.org\/index.php?rest_route=%2Fwp%2Fv2%2Fmedia&parent=60"}],"curies":[{"name":"wp","href":"https:\/\/api.w.org\/{rel}","templated":true}]}}