{"id":3450,"date":"2015-10-01T19:24:12","date_gmt":"2015-10-01T17:24:12","guid":{"rendered":"http:\/\/v.kauko.org\/?page_id=3450"},"modified":"2018-03-31T10:38:18","modified_gmt":"2018-03-31T08:38:18","slug":"kuvia","status":"publish","type":"page","link":"https:\/\/v.kauko.org\/","title":{"rendered":"Kuvia"},"content":{"rendered":"<p>[T\u00e4m\u00e4 sivu on viel\u00e4 ty\u00f6n alla]<\/p>\n<p><a href=\"https:\/\/v.kauko.org\/wp-content\/uploads\/900-v150910_174-svr.jpg\"><img decoding=\"async\" class=\"alignnone size-full wp-image-3451\" src=\"https:\/\/v.kauko.org\/wp-content\/uploads\/900-v150910_174-svr.jpg\" alt=\"900-v150910_174-svr\" width=\"300\" srcset=\"https:\/\/v.kauko.org\/wp-content\/uploads\/900-v150910_174-svr.jpg 900w, https:\/\/v.kauko.org\/wp-content\/uploads\/900-v150910_174-svr-300x218.jpg 300w\" sizes=\"(max-width: 900px) 100vw, 900px\" \/><\/a> Revontulia<\/p>\n<p><a href=\"https:\/\/v.kauko.org\/wp-content\/uploads\/1000-1600-v140624-halo-x.jpg\"><img decoding=\"async\" class=\"alignnone size-full wp-image-3452\" src=\"https:\/\/v.kauko.org\/wp-content\/uploads\/1000-1600-v140624-halo-x.jpg\" alt=\"1000-1600-v140624-halo-x\" width=\"300\" srcset=\"https:\/\/v.kauko.org\/wp-content\/uploads\/1000-1600-v140624-halo-x.jpg 1050w, https:\/\/v.kauko.org\/wp-content\/uploads\/1000-1600-v140624-halo-x-300x200.jpg 300w, https:\/\/v.kauko.org\/wp-content\/uploads\/1000-1600-v140624-halo-x-1024x683.jpg 1024w\" sizes=\"(max-width: 1050px) 100vw, 1050px\" \/><\/a> Muita taivaanilmi\u00f6it\u00e4<\/p>\n<p><a href=\"https:\/\/v.kauko.org\/wp-content\/uploads\/900-v130607_094-vrr.jpg\"><img decoding=\"async\" class=\"alignnone size-full wp-image-2541\" src=\"https:\/\/v.kauko.org\/wp-content\/uploads\/900-v130607_094-vrr.jpg\" alt=\"Kalatiira 7.6.2013 - Virpi Kauko\" width=\"300\" srcset=\"https:\/\/v.kauko.org\/wp-content\/uploads\/900-v130607_094-vrr.jpg 900w, https:\/\/v.kauko.org\/wp-content\/uploads\/900-v130607_094-vrr-300x200.jpg 300w\" sizes=\"(max-width: 900px) 100vw, 900px\" \/><\/a> Lintuja<\/p>\n<p><a href=\"https:\/\/v.kauko.org\/wp-content\/uploads\/900-v130510_093-r.jpg\"><img decoding=\"async\" class=\"alignnone size-full wp-image-2326\" src=\"https:\/\/v.kauko.org\/wp-content\/uploads\/900-v130510_093-r.jpg\" alt=\"Rusakot 10.5.2013 --Virpi Kauko\" width=\"300\" srcset=\"https:\/\/v.kauko.org\/wp-content\/uploads\/900-v130510_093-r.jpg 899w, https:\/\/v.kauko.org\/wp-content\/uploads\/900-v130510_093-r-300x200.jpg 300w\" sizes=\"(max-width: 899px) 100vw, 899px\" \/><\/a> Nis\u00e4kk\u00e4it\u00e4<\/p>\n<p><a href=\"https:\/\/v.kauko.org\/wp-content\/uploads\/600-v120728_013-rrr.jpg\"><img decoding=\"async\" class=\"alignnone size-full wp-image-1763\" src=\"https:\/\/v.kauko.org\/wp-content\/uploads\/600-v120728_013-rrr.jpg\" alt=\"600-v120728_013-rrr\" width=\"300\" srcset=\"https:\/\/v.kauko.org\/wp-content\/uploads\/600-v120728_013-rrr.jpg 600w, https:\/\/v.kauko.org\/wp-content\/uploads\/600-v120728_013-rrr-300x199.jpg 300w\" sizes=\"(max-width: 600px) 100vw, 600px\" \/><\/a> Hy\u00f6nteisi\u00e4<\/p>\n","protected":false},"excerpt":{"rendered":"<p>[T\u00e4m\u00e4 sivu on viel\u00e4 ty\u00f6n alla] Revontulia Muita taivaanilmi\u00f6it\u00e4 Lintuja Nis\u00e4kk\u00e4it\u00e4 Hy\u00f6nteisi\u00e4<\/p>\n","protected":false},"author":1,"featured_media":0,"parent":0,"menu_order":0,"comment_status":"closed","ping_status":"closed","template":"","meta":{"footnotes":""},"class_list":["post-3450","page","type-page","status-publish","hentry"],"_links":{"self":[{"href":"https:\/\/v.kauko.org\/index.php?rest_route=\/wp\/v2\/pages\/3450","targetHints":{"allow":["GET"]}}],"collection":[{"href":"https:\/\/v.kauko.org\/index.php?rest_route=\/wp\/v2\/pages"}],"about":[{"href":"https:\/\/v.kauko.org\/index.php?rest_route=\/wp\/v2\/types\/page"}],"author":[{"embeddable":true,"href":"https:\/\/v.kauko.org\/index.php?rest_route=\/wp\/v2\/users\/1"}],"replies":[{"embeddable":true,"href":"https:\/\/v.kauko.org\/index.php?rest_route=%2Fwp%2Fv2%2Fcomments&post=3450"}],"version-history":[{"count":6,"href":"https:\/\/v.kauko.org\/index.php?rest_route=\/wp\/v2\/pages\/3450\/revisions"}],"predecessor-version":[{"id":3542,"href":"https:\/\/v.kauko.org\/index.php?rest_route=\/wp\/v2\/pages\/3450\/revisions\/3542"}],"wp:attachment":[{"href":"https:\/\/v.kauko.org\/index.php?rest_route=%2Fwp%2Fv2%2Fmedia&parent=3450"}],"curies":[{"name":"wp","href":"https:\/\/api.w.org\/{rel}","templated":true}]}}